{"id":987511535,"date":"2025-06-27T20:23:47","date_gmt":"2025-06-27T20:23:47","guid":{"rendered":"https:\/\/medeoformation.fr\/?page_id=987511535"},"modified":"2026-02-20T13:33:08","modified_gmt":"2026-02-20T13:33:08","slug":"financements","status":"publish","type":"page","link":"https:\/\/medeoformation.fr\/index.php\/financements\/","title":{"rendered":"Financements"},"content":{"rendered":"<p>[et_pb_section fb_built=\u00a0\u00bb1&Prime; _builder_version=\u00a0\u00bb4.27.4&Prime; _module_preset=\u00a0\u00bbdefault\u00a0\u00bb global_colors_info=\u00a0\u00bb{}\u00a0\u00bb][et_pb_row _builder_version=\u00a0\u00bb4.27.4&Prime; _module_preset=\u00a0\u00bbdefault\u00a0\u00bb global_colors_info=\u00a0\u00bb{}\u00a0\u00bb][et_pb_column type=\u00a0\u00bb4_4&Prime; _builder_version=\u00a0\u00bb4.27.4&Prime; _module_preset=\u00a0\u00bbdefault\u00a0\u00bb global_colors_info=\u00a0\u00bb{}\u00a0\u00bb][et_pb_text _builder_version=\u00a0\u00bb4.27.4&Prime; _module_preset=\u00a0\u00bbdefault\u00a0\u00bb global_colors_info=\u00a0\u00bb{}\u00a0\u00bb]<\/p>\n<h1>Financements<\/h1>\n<p>&nbsp;<\/p>\n<p>[\/et_pb_text][et_pb_tabs active_tab_background_color=\u00a0\u00bb#000763&Prime; inactive_tab_background_color=\u00a0\u00bb#3c0d6e\u00a0\u00bb active_tab_text_color=\u00a0\u00bb#FFFFFF\u00a0\u00bb _builder_version=\u00a0\u00bb4.27.5&Prime; _module_preset=\u00a0\u00bbdefault\u00a0\u00bb tab_text_color=\u00a0\u00bb#FFFFFF\u00a0\u00bb tab_font=\u00a0\u00bb|600|||||||\u00a0\u00bb tab_font_size=\u00a0\u00bb16px\u00a0\u00bb hover_enabled=\u00a0\u00bb0&Prime; global_colors_info=\u00a0\u00bb{%22gcid-dd2c03a0-0ce9-48a5-adff-dccdc945179a%22:%91%22active_tab_background_color%22%93,%22gcid-primary-color%22:%91%22inactive_tab_background_color%22%93}\u00a0\u00bb sticky_enabled=\u00a0\u00bb0&Prime;][et_pb_tab title=\u00a0\u00bbANDPC\u00a0\u00bb _builder_version=\u00a0\u00bb4.27.4&Prime; _module_preset=\u00a0\u00bbdefault\u00a0\u00bb global_colors_info=\u00a0\u00bb{}\u00a0\u00bb]<\/p>\n<p><strong>L\u2019Agence Nationale du DPC<\/strong><br \/><strong>D\u00e9veloppement Professionnel Continu<\/strong><\/p>\n<p>Il assure le pilotage du DPC et son financement pour l\u2019ensemble des professionnels de sant\u00e9 exer\u00e7ant en France.<\/p>\n<p>Le DPC constitue une obligation Individuelle de formation pour tous les professionnels de sant\u00e9 ; il s\u2019inscrit dans une d\u00e9marche permanente de perfectionnement pour une am\u00e9lioration de qualit\u00e9 et de la s\u00e9curit\u00e9 des soins.<\/p>\n<p>La prise en charge de l&rsquo;ANDPC se destine \u00e0 diff\u00e9rentes professions: infirmiers lib\u00e9raux, m\u00e9decins, kin\u00e9sith\u00e9rapuetes, pharmaciens, etc.<\/p>\n<p>Diff\u00e9rents parcours sont \u00e9galement propos\u00e9s: formation continue, gestion des risques, \u00e9valuation des pratiques professionnels (EPP). Les parcours en Programme Int\u00e9gr\u00e9 proposent une combinaison de la formation continue, ainsi que de l&rsquo;EPP, afin de compl\u00e9ter plus efficacement l&rsquo;obligation triennale.<\/p>\n<p><a href=\"https:\/\/www.agencedpc.fr\/Le-DPC\/Les-modalit\u00e9s-de-prise-en-charge\">https:\/\/www.agencedpc.fr\/Le-DPC\/Les-modalit\u00e9s-de-prise-en-charge<\/a><\/p>\n<p>[\/et_pb_tab][et_pb_tab title=\u00a0\u00bbFIF PL\u00a0\u00bb _builder_version=\u00a0\u00bb4.27.4&Prime; _module_preset=\u00a0\u00bbdefault\u00a0\u00bb global_colors_info=\u00a0\u00bb{}\u00a0\u00bb]<\/p>\n<div class=\"person-author\">\n<div class=\"person-author-wrapper\"><strong><span class=\"person-name\">FIF PL <\/span><span class=\"person-title\">Fonds Interprofessionnels de Formation des Prof. Lib\u00e9rales<\/span><\/strong><\/div>\n<\/div>\n<div class=\"person-content fusion-clearfix\">\n<p>Seul peut \u00eatre \u00e9ligible \u00e0 une prise en charge de ses formations, le professionnel install\u00e9 en exercice lib\u00e9ral au moment de la formation pour laquelle il pr\u00e9sente une demande de financement par le FIF PL.<\/p>\n<p>Ce professionnel lib\u00e9ral doit \u00eatre en mesure de justifier de son attestation de versement URSSAF de la contribution \u00e0 la formation professionnelle CFP (en se connectant sur le site de l\u2019URSSAF ).<\/p>\n<p>Le professionnel lib\u00e9ral devra \u00e9galement s\u2019assurer que le nom du FIF PL figure bien comme Fonds d\u2019Assurance Formation (FAF) rattach\u00e9 \u00e0 son activit\u00e9 sur son attestation de versement URSSAF.<br \/>Des crit\u00e8res de prise en charge sont d\u00e9termin\u00e9s annuellement par les Repr\u00e9sentants Professionnels de chaque profession.<\/p>\n<p>Ces Repr\u00e9sentants Professionnels d\u00e9finissent pour la (les) profession(s) qu\u2019ils repr\u00e9sentent une liste de th\u00e8mes de formation susceptibles de faire l\u2019objet d\u2019une prise en charge par le FIF PL ainsi que des modalit\u00e9s financi\u00e8res de prise en charge.<\/p>\n<p>Ces crit\u00e8res de prise en charge, disponibles sur le site du FIF PL, sont applicables du 1er janvier au 31 d\u00e9cembre de chaque ann\u00e9e, et peuvent, au regard des priorit\u00e9s du FIF PL et de chaque profession, \u00eatre modifi\u00e9s d\u2019une ann\u00e9e \u00e0 l\u2019autre.<br \/>https:\/\/www.fifpl.fr\/procedures-prise-charge<\/p>\n<p>Exemple IDEL (Infirmier lib\u00e9ral) 2025 : <a href=\"https:\/\/www.fifpl.fr\/sites\/default\/files\/documents\/criteres\/8690DI.pdf\">https:\/\/www.fifpl.fr\/sites\/default\/files\/documents\/criteres\/8690DI.pdf<\/a><\/p>\n<\/div>\n<p>[\/et_pb_tab][et_pb_tab title=\u00a0\u00bbFinancement Personnel\u00a0\u00bb _builder_version=\u00a0\u00bb4.27.4&Prime; _module_preset=\u00a0\u00bbdefault\u00a0\u00bb global_colors_info=\u00a0\u00bb{}\u00a0\u00bb]<\/p>\n<p>Vous avez la possibilit\u00e9 de r\u00e9gler votre formation et reporter vos frais professionnels de formation, et les frais annexes (transports, avion, train, h\u00e9bergements, restauration, parking, \u2026.)<br \/>Les heures pass\u00e9es \u00e0 vous former n\u2019ouvrent plus de droit \u00e0 un cr\u00e9dit d\u2019imp\u00f4t en 2025 (\u00e0 distinguer de la d\u00e9duction fiscale) si cette formation est payante.<\/p>\n<p><a href=\"https:\/\/entreprendre.service-public.fr\/vosdroits\/F23460\">https:\/\/entreprendre.service-public.fr\/vosdroits\/F23460<\/a><\/p>\n<p>[\/et_pb_tab][et_pb_tab title=\u00a0\u00bbFinancement Salari\u00e9 : CPF &#8211; France Travail \u00a0\u00bb _builder_version=\u00a0\u00bb4.27.5&Prime; _module_preset=\u00a0\u00bbdefault\u00a0\u00bb global_colors_info=\u00a0\u00bb{}\u00a0\u00bb]<\/p>\n<p><strong>COMMENT FINANCER VOTRE FORMATION ?<\/strong><br \/>La formation professionnelle continue peut-\u00eatre financ\u00e9e selon votre\u00a0statut\u00a0et votre\u00a0projet.<br \/>Nos \u00e9quipes vous accompagnent dans l\u2019identification du dispositif le plus adapt\u00e9.<\/p>\n<p><strong>VOUS \u00caTES SALARI\u00c9 DU SECTEUR PRIV\u00c9<\/strong><br \/><strong>Le Compte Personnel de Formation (CPF)<\/strong><br \/>Articles L6323-1 et suivants du Code du travail<br \/>Le CPF permet de financer une formation certifiante inscrite au RNCP ou au R\u00e9pertoire<br \/>sp\u00e9cifique.<\/p>\n<p><strong>Fonctionnement :<\/strong><\/p>\n<ul>\n<li>500 \u20ac par an (plafond 5 000 \u20ac)<\/li>\n<li>800 \u20ac par an pour les salari\u00e9s peu qualifi\u00e9s (plafond 8 000 \u20ac)<\/li>\n<li>Droits conserv\u00e9s en cas de changement d\u2019employeur ou de perte d\u2019emploi<\/li>\n<li>Mobilisation via : Mon Compte Formation<\/li>\n<\/ul>\n<p><strong>Le Plan de D\u00e9veloppement des Comp\u00e9tences (PDC)<\/strong><br \/>Articles L6312-1 et L6321-1 du Code du travail<\/p>\n<p>L\u2019employeur :<\/p>\n<ul>\n<li>Assure l\u2019adaptation au poste de travail<\/li>\n<li>Veille au maintien de l\u2019employabilit\u00e9<\/li>\n<li>Finance les formations via son budget interne ou son OPCO<\/li>\n<\/ul>\n<p>Exemples d\u2019OPCO : OPCO Sant\u00e9 , Uniformation.<\/p>\n<p><strong>Reconversion ou promotion par alternance<\/strong><br \/>(Dispositif dit \u00ab Pro-A \u00bb)<br \/>Articles L6324-1 et suivants du Code du travail<\/p>\n<p>Permet \u00e0 un salari\u00e9 en CDI de :<\/p>\n<ul>\n<li>Changer de m\u00e9tier<\/li>\n<li>Monter en qualification<\/li>\n<li>Maintenir son employabilit\u00e9<\/li>\n<\/ul>\n<p>Formation en alternance financ\u00e9e par l\u2019OPCO de branche.<\/p>\n<p><strong>Le Projet de Transition Professionnelle (PTP)<\/strong><br \/>Ancien CIF.<br \/>Permet de suivre une formation certifiante dans le cadre d\u2019une reconversion avec maintien<br \/>partiel ou total de la r\u00e9mun\u00e9ration.<br \/>Financ\u00e9 par :<br \/>Transitions Pro<\/p>\n<p><strong>VOUS \u00caTES AGENT DE LA FONCTION PUBLIQUE<\/strong><br \/>Les agents disposent d\u2019un\u00a0<strong>Compte Personnel de Formation (CPF)\u00a0<\/strong>aliment\u00e9 en heures.<br \/>Il permet :<\/p>\n<ul>\n<li>L\u2019obtention d\u2019un dipl\u00f4me<\/li>\n<li>Le d\u00e9veloppement de comp\u00e9tences<\/li>\n<li>Un projet de mobilit\u00e9 ou reconversion<\/li>\n<\/ul>\n<p>\u00a0<span style=\"font-size: 14px;\">Informations officielles : Service-Public.fr<\/span><\/p>\n<p><strong>VOUS \u00caTES DEMANDEUR D\u2019EMPLOI<\/strong><br \/>G\u00e9r\u00e9 par France Travaisl, le CPF peut \u00e9galement \u00eatre mobilis\u00e9 et compl\u00e9t\u00e9 si n\u00e9cessaire.<\/p>\n<p><strong>\u267f PERSONNES EN SITUATION DE HANDICAP<\/strong><br \/>Des financements compl\u00e9mentaires peuvent \u00eatre accord\u00e9s par : Agefiph<\/p>\n<p>[\/et_pb_tab][et_pb_tab title=\u00a0\u00bbPar l\u2019Employeur\u00a0\u00bb _builder_version=\u00a0\u00bb4.27.5&Prime; _module_preset=\u00a0\u00bbdefault\u00a0\u00bb hover_enabled=\u00a0\u00bb0&Prime; global_colors_info=\u00a0\u00bb{}\u00a0\u00bb sticky_enabled=\u00a0\u00bb0&Prime;]<\/p>\n<p><span style=\"text-decoration: underline;\"><span style=\"font-weight: 400;\"><strong>Par l\u2019Employeur :<\/strong> <\/span><\/span><span style=\"font-weight: 400;\">Prise en charge du financement de la formation dans le cadre du Plan de Formation Professionnelle Continue.<\/span><\/p>\n<p>Les frais de formation sont pris en charge par l\u2019entreprise ou l\u2019op\u00e9rateur de comp\u00e9tences (OPCO) pour les PME. Depuis le 1er avril 2019, pr\u00e8s de 329 branches sont r\u00e9parties dans 11 OPCO agr\u00e9\u00e9s.<\/p>\n<p>Les entreprises peuvent abonder directement le compte CPF des salari\u00e9s. L\u2019employeur peut ainsi financer le reste \u00e0 charge du projet de formation de son salari\u00e9. L\u2019employ\u00e9 utilise ses droits acquis sur son compte personnel de formation et l\u2019employeur peut d\u00e9cider de compl\u00e9ter, ou non, le financement de son projet.<\/p>\n<p>Sachez aussi que les entreprises ont la possibilit\u00e9 de r\u00e9aliser une dotation volontaire et sont aussi soumises \u00e0 des versements obligatoires.<\/p>\n<p>Comme les r\u00e9gions, les OPCO (op\u00e9rateurs de comp\u00e9tences) peuvent abonder les comptes CPF des travailleurs. C\u2019est \u00e9galement le cas des branches professionnelles.<\/p>\n<p>Le compte professionnel de pr\u00e9vention (C2P) d\u00e9termine les risques support\u00e9s par un salari\u00e9 pendant son travail. Selon son exposition \u00e0 des conditions p\u00e9nibles et risqu\u00e9es, le travailleur cumule des points. Il peut ensuite les utiliser pour financer une formation dans le but d\u2019acc\u00e9der \u00e0 des postes moins p\u00e9nibles, pour b\u00e9n\u00e9ficier d\u2019un travail \u00e0 temps partiel sans perte de salaire ou pour partir \u00e0 la retraite pr\u00e9matur\u00e9ment.<\/p>\n<p><a href=\"https:\/\/www.enseignementsup-recherche.gouv.fr\/fr\/les-dispositifs-de-financement-de-la-formation-continue-46264\">https:\/\/www.enseignementsup-recherche.gouv.fr\/fr\/les-dispositifs-de-financement-de-la-formation-continue-46264<\/a><\/p>\n<p><span style=\"text-decoration: underline;\"><strong>Les autres dispositifs :<\/strong><\/span><\/p>\n<p><a href=\"https:\/\/www.economie.gouv.fr\/plan-de-relance\/mesures\/fne-formation\">FNE<\/a><\/p>\n<p><a href=\"https:\/\/www.service-public.fr\/particuliers\/vosdroits\/F13516\">P<span>\u00e9riode de reconversion<\/span><\/a><\/p>\n<p><a href=\"https:\/\/www.service-public.fr\/particuliers\/vosdroits\/F2918\">Contrat d\u2019alternance<\/a><\/p>\n<p><a href=\"https:\/\/www.service-public.fr\/particuliers\/vosdroits\/F15478\">Contre de Professionnalisation<\/a><\/p>\n<p><a href=\"https:\/\/www.cnfpt.fr\/\">CNFPT<\/a><\/p>\n<p>&nbsp;<\/p>\n<p>[\/et_pb_tab][et_pb_tab title=\u00a0\u00bbPar la R\u00e9gion\u00a0\u00bb _builder_version=\u00a0\u00bb4.27.4&Prime; _module_preset=\u00a0\u00bbdefault\u00a0\u00bb global_colors_info=\u00a0\u00bb{}\u00a0\u00bb]<\/p>\n<p>La politique conduite en mati\u00e8re de formation professionnelle, par la R\u00e9gion Occitanie Pyr\u00e9n\u00e9es-M\u00e9diterran\u00e9e, est construite autour de 3 piliers :<br \/>&#8211; D\u00e9velopper, dans une volont\u00e9 de justice sociale, l\u2019acc\u00e8s \u00e0 la formation des publics \u00e9loign\u00e9s de l\u2019emploi<br \/>&#8211; R\u00e9pondre aux besoins de l\u2019\u00e9conomie r\u00e9gionale afin d\u2019apporter aux entreprises les comp\u00e9tences dont elles ont besoin pour se d\u00e9velopper<br \/>&#8211; Faire de la formation un outil de d\u00e9veloppement de nos territoires en organisant une offre de formation r\u00e9partie de fa\u00e7on homog\u00e8ne sur le territoire r\u00e9gional.<\/p>\n<p>Le Plan R\u00e9gional de Formation (PRF) s\u2019adapte \u00e0 vos besoins en proposant des dispositifs pr\u00e9-qualifiants afin de vous aider \u00e0 construire votre projet professionnel, \u00e0 acqu\u00e9rir des comp\u00e9tences de base ou des premiers gestes professionnels, ou \u00e0 vous pr\u00e9parer, le cas \u00e9ch\u00e9ant, \u00e0 un retour en formation,<br \/>des dispositifs qualifiants afin de vous permettre d&rsquo;acqu\u00e9rir de nouvelles comp\u00e9tences, valider un dipl\u00f4me ou une qualification.<\/p>\n<p><a href=\"https:\/\/www.meformerenregion.fr\/en-recherche-d-emploi\/conna\u00eetre-les-dispositifs-de-formation-finances-par-la-region-occitanie\">https:\/\/www.meformerenregion.fr\/en-recherche-d-emploi\/conna\u00eetre-les-dispositifs-de-formation-finances-par-la-region-occitanie<\/a><\/p>\n<p>L\u2019AGEFIPH : <br \/><a href=\"https:\/\/www.agefiph.fr\">L&rsquo;Agefiph propose des solutions pour l&#8217;emploi des personnes en situation de handicap<\/a><\/p>\n<p>[\/et_pb_tab][\/et_pb_tabs][\/et_pb_column][\/et_pb_row][\/et_pb_section]<\/p>\n","protected":false},"excerpt":{"rendered":"<p>Financements &nbsp;L\u2019Agence Nationale du DPCD\u00e9veloppement Professionnel Continu Il assure le pilotage du DPC et son financement pour l\u2019ensemble des professionnels de sant\u00e9 exer\u00e7ant en France. Le DPC constitue une obligation Individuelle de formation pour tous les professionnels de sant\u00e9 ; il s\u2019inscrit dans une d\u00e9marche permanente de perfectionnement pour une am\u00e9lioration de qualit\u00e9 et de [&hellip;]<\/p>\n","protected":false},"author":1,"featured_media":0,"parent":0,"menu_order":0,"comment_status":"closed","ping_status":"closed","template":"","meta":{"_et_pb_use_builder":"on","_et_pb_old_content":"","_et_gb_content_width":"","footnotes":""},"class_list":["post-987511535","page","type-page","status-publish","hentry"],"yoast_head":"<!-- This site is optimized with the Yoast SEO plugin v27.3 - https:\/\/yoast.com\/product\/yoast-seo-wordpress\/ -->\n<title>Financements - Medeo Formation<\/title>\n<meta name=\"robots\" content=\"index, follow, max-snippet:-1, max-image-preview:large, max-video-preview:-1\" \/>\n<link rel=\"canonical\" href=\"https:\/\/medeoformation.fr\/index.php\/financements\/\" \/>\n<meta property=\"og:locale\" content=\"fr_FR\" \/>\n<meta property=\"og:type\" content=\"article\" \/>\n<meta property=\"og:title\" content=\"Financements - Medeo Formation\" \/>\n<meta property=\"og:description\" content=\"Financements &nbsp;L\u2019Agence Nationale du DPCD\u00e9veloppement Professionnel Continu Il assure le pilotage du DPC et son financement pour l\u2019ensemble des professionnels de sant\u00e9 exer\u00e7ant en France. Le DPC constitue une obligation Individuelle de formation pour tous les professionnels de sant\u00e9 ; il s\u2019inscrit dans une d\u00e9marche permanente de perfectionnement pour une am\u00e9lioration de qualit\u00e9 et de [&hellip;]\" \/>\n<meta property=\"og:url\" content=\"https:\/\/medeoformation.fr\/index.php\/financements\/\" \/>\n<meta property=\"og:site_name\" content=\"Medeo Formation\" \/>\n<meta property=\"article:modified_time\" content=\"2026-02-20T13:33:08+00:00\" \/>\n<meta name=\"twitter:card\" content=\"summary_large_image\" \/>\n<meta name=\"twitter:label1\" content=\"Dur\u00e9e de lecture estim\u00e9e\" \/>\n\t<meta name=\"twitter:data1\" content=\"7 minutes\" \/>\n<script type=\"application\/ld+json\" class=\"yoast-schema-graph\">{\"@context\":\"https:\\\/\\\/schema.org\",\"@graph\":[{\"@type\":\"WebPage\",\"@id\":\"https:\\\/\\\/medeoformation.fr\\\/index.php\\\/financements\\\/\",\"url\":\"https:\\\/\\\/medeoformation.fr\\\/index.php\\\/financements\\\/\",\"name\":\"Financements - Medeo Formation\",\"isPartOf\":{\"@id\":\"https:\\\/\\\/medeoformation.fr\\\/#website\"},\"datePublished\":\"2025-06-27T20:23:47+00:00\",\"dateModified\":\"2026-02-20T13:33:08+00:00\",\"breadcrumb\":{\"@id\":\"https:\\\/\\\/medeoformation.fr\\\/index.php\\\/financements\\\/#breadcrumb\"},\"inLanguage\":\"fr-FR\",\"potentialAction\":[{\"@type\":\"ReadAction\",\"target\":[\"https:\\\/\\\/medeoformation.fr\\\/index.php\\\/financements\\\/\"]}]},{\"@type\":\"BreadcrumbList\",\"@id\":\"https:\\\/\\\/medeoformation.fr\\\/index.php\\\/financements\\\/#breadcrumb\",\"itemListElement\":[{\"@type\":\"ListItem\",\"position\":1,\"name\":\"Accueil\",\"item\":\"https:\\\/\\\/medeoformation.fr\\\/\"},{\"@type\":\"ListItem\",\"position\":2,\"name\":\"Financements\"}]},{\"@type\":\"WebSite\",\"@id\":\"https:\\\/\\\/medeoformation.fr\\\/#website\",\"url\":\"https:\\\/\\\/medeoformation.fr\\\/\",\"name\":\"Medeo Formation\",\"description\":\"Organisme de formation DPC\\\/FIFPL\",\"potentialAction\":[{\"@type\":\"SearchAction\",\"target\":{\"@type\":\"EntryPoint\",\"urlTemplate\":\"https:\\\/\\\/medeoformation.fr\\\/?s={search_term_string}\"},\"query-input\":{\"@type\":\"PropertyValueSpecification\",\"valueRequired\":true,\"valueName\":\"search_term_string\"}}],\"inLanguage\":\"fr-FR\"}]}<\/script>\n<!-- \/ Yoast SEO plugin. -->","yoast_head_json":{"title":"Financements - Medeo Formation","robots":{"index":"index","follow":"follow","max-snippet":"max-snippet:-1","max-image-preview":"max-image-preview:large","max-video-preview":"max-video-preview:-1"},"canonical":"https:\/\/medeoformation.fr\/index.php\/financements\/","og_locale":"fr_FR","og_type":"article","og_title":"Financements - Medeo Formation","og_description":"Financements &nbsp;L\u2019Agence Nationale du DPCD\u00e9veloppement Professionnel Continu Il assure le pilotage du DPC et son financement pour l\u2019ensemble des professionnels de sant\u00e9 exer\u00e7ant en France. Le DPC constitue une obligation Individuelle de formation pour tous les professionnels de sant\u00e9 ; il s\u2019inscrit dans une d\u00e9marche permanente de perfectionnement pour une am\u00e9lioration de qualit\u00e9 et de [&hellip;]","og_url":"https:\/\/medeoformation.fr\/index.php\/financements\/","og_site_name":"Medeo Formation","article_modified_time":"2026-02-20T13:33:08+00:00","twitter_card":"summary_large_image","twitter_misc":{"Dur\u00e9e de lecture estim\u00e9e":"7 minutes"},"schema":{"@context":"https:\/\/schema.org","@graph":[{"@type":"WebPage","@id":"https:\/\/medeoformation.fr\/index.php\/financements\/","url":"https:\/\/medeoformation.fr\/index.php\/financements\/","name":"Financements - Medeo Formation","isPartOf":{"@id":"https:\/\/medeoformation.fr\/#website"},"datePublished":"2025-06-27T20:23:47+00:00","dateModified":"2026-02-20T13:33:08+00:00","breadcrumb":{"@id":"https:\/\/medeoformation.fr\/index.php\/financements\/#breadcrumb"},"inLanguage":"fr-FR","potentialAction":[{"@type":"ReadAction","target":["https:\/\/medeoformation.fr\/index.php\/financements\/"]}]},{"@type":"BreadcrumbList","@id":"https:\/\/medeoformation.fr\/index.php\/financements\/#breadcrumb","itemListElement":[{"@type":"ListItem","position":1,"name":"Accueil","item":"https:\/\/medeoformation.fr\/"},{"@type":"ListItem","position":2,"name":"Financements"}]},{"@type":"WebSite","@id":"https:\/\/medeoformation.fr\/#website","url":"https:\/\/medeoformation.fr\/","name":"Medeo Formation","description":"Organisme de formation DPC\/FIFPL","potentialAction":[{"@type":"SearchAction","target":{"@type":"EntryPoint","urlTemplate":"https:\/\/medeoformation.fr\/?s={search_term_string}"},"query-input":{"@type":"PropertyValueSpecification","valueRequired":true,"valueName":"search_term_string"}}],"inLanguage":"fr-FR"}]}},"_links":{"self":[{"href":"https:\/\/medeoformation.fr\/index.php\/wp-json\/wp\/v2\/pages\/987511535","targetHints":{"allow":["GET"]}}],"collection":[{"href":"https:\/\/medeoformation.fr\/index.php\/wp-json\/wp\/v2\/pages"}],"about":[{"href":"https:\/\/medeoformation.fr\/index.php\/wp-json\/wp\/v2\/types\/page"}],"author":[{"embeddable":true,"href":"https:\/\/medeoformation.fr\/index.php\/wp-json\/wp\/v2\/users\/1"}],"replies":[{"embeddable":true,"href":"https:\/\/medeoformation.fr\/index.php\/wp-json\/wp\/v2\/comments?post=987511535"}],"version-history":[{"count":27,"href":"https:\/\/medeoformation.fr\/index.php\/wp-json\/wp\/v2\/pages\/987511535\/revisions"}],"predecessor-version":[{"id":987512204,"href":"https:\/\/medeoformation.fr\/index.php\/wp-json\/wp\/v2\/pages\/987511535\/revisions\/987512204"}],"wp:attachment":[{"href":"https:\/\/medeoformation.fr\/index.php\/wp-json\/wp\/v2\/media?parent=987511535"}],"curies":[{"name":"wp","href":"https:\/\/api.w.org\/{rel}","templated":true}]}}