{"id":987511834,"date":"2025-09-04T10:01:47","date_gmt":"2025-09-04T10:01:47","guid":{"rendered":"https:\/\/medeoformation.fr\/?page_id=987511834"},"modified":"2026-02-17T09:55:04","modified_gmt":"2026-02-17T09:55:04","slug":"notre-organisation","status":"publish","type":"page","link":"https:\/\/medeoformation.fr\/index.php\/notre-organisation\/","title":{"rendered":"Notre organisation"},"content":{"rendered":"<p>[et_pb_section fb_built=\u00a0\u00bb1&Prime; _builder_version=\u00a0\u00bb4.27.4&Prime; _module_preset=\u00a0\u00bbdefault\u00a0\u00bb global_colors_info=\u00a0\u00bb{}\u00a0\u00bb][et_pb_row _builder_version=\u00a0\u00bb4.27.4&Prime; _module_preset=\u00a0\u00bbdefault\u00a0\u00bb background_color=\u00a0\u00bb#ff9100&Prime; border_radii=\u00a0\u00bbon|55px|55px|55px|55px\u00a0\u00bb global_colors_info=\u00a0\u00bb{}\u00a0\u00bb][et_pb_column type=\u00a0\u00bb4_4&Prime; _builder_version=\u00a0\u00bb4.27.4&Prime; _module_preset=\u00a0\u00bbdefault\u00a0\u00bb global_colors_info=\u00a0\u00bb{}\u00a0\u00bb][et_pb_text _builder_version=\u00a0\u00bb4.27.4&Prime; _module_preset=\u00a0\u00bbdefault\u00a0\u00bb header_text_color=\u00a0\u00bb#FFFFFF\u00a0\u00bb header_font_size=\u00a0\u00bb55px\u00a0\u00bb global_colors_info=\u00a0\u00bb{}\u00a0\u00bb]<\/p>\n<h1 style=\"text-align: center;\">La cr\u00e8me de la cr\u00e8me <span><img decoding=\"async\" data-emoji=\"\u2b50\" class=\"an1\" alt=\"\u2b50\" aria-label=\"\u2b50\" draggable=\"false\" src=\"https:\/\/fonts.gstatic.com\/s\/e\/notoemoji\/16.0\/2b50\/32.png\" loading=\"lazy\" \/> <img decoding=\"async\" data-emoji=\"\ud83d\udc65\" class=\"an1\" alt=\"\ud83d\udc65\" aria-label=\"\ud83d\udc65\" draggable=\"false\" src=\"https:\/\/fonts.gstatic.com\/s\/e\/notoemoji\/16.0\/1f465\/32.png\" loading=\"lazy\" \/><\/span><\/h1>\n<p>[\/et_pb_text][\/et_pb_column][\/et_pb_row][et_pb_row column_structure=\u00a0\u00bb1_3,1_3,1_3&Prime; _builder_version=\u00a0\u00bb4.27.4&Prime; _module_preset=\u00a0\u00bbdefault\u00a0\u00bb global_colors_info=\u00a0\u00bb{}\u00a0\u00bb][et_pb_column type=\u00a0\u00bb1_3&Prime; _builder_version=\u00a0\u00bb4.27.4&Prime; _module_preset=\u00a0\u00bbdefault\u00a0\u00bb global_colors_info=\u00a0\u00bb{}\u00a0\u00bb][et_pb_team_member name=\u00a0\u00bbNicolas Bardetis\u00a0\u00bb position=\u00a0\u00bbDirecteur\u00a0\u00bb image_url=\u00a0\u00bbhttps:\/\/medeoformation.fr\/wp-content\/uploads\/2025\/09\/nicolas-bardetis.png\u00a0\u00bb facebook_url=\u00a0\u00bbhttps:\/\/www.facebook.com\/nicolas.bardetis\u00a0\u00bb linkedin_url=\u00a0\u00bbhttps:\/\/fr.linkedin.com\/in\/nicolas-bardetis-pro?trk=public_profile_samename-profile\u00a0\u00bb _builder_version=\u00a0\u00bb4.27.4&Prime; _module_preset=\u00a0\u00bbdefault\u00a0\u00bb text_orientation=\u00a0\u00bbcenter\u00a0\u00bb custom_padding=\u00a0\u00bb|6px||6px|false|true\u00a0\u00bb box_shadow_style=\u00a0\u00bbpreset3&Prime; global_colors_info=\u00a0\u00bb{}\u00a0\u00bb]<\/p>\n<p><span>Dirigeant de MEDEO Formation, Nicolas pilote la strat\u00e9gie de d\u00e9veloppement et l\u2019innovation de l\u2019organisme dans les domaines du m\u00e9dico-social et du sanitaire. Entrepreneur engag\u00e9, il place la qualit\u00e9, la transmission et l\u2019impact social au centre de ses priorit\u00e9s. Sous son impulsion, MEDEO Formation s\u2019affirme comme un partenaire de confiance pour les professionnels, les institutions et les apprenants en qu\u00eate de progression.<\/span><\/p>\n<p>[\/et_pb_team_member][\/et_pb_column][et_pb_column type=\u00a0\u00bb1_3&Prime; _builder_version=\u00a0\u00bb4.27.4&Prime; _module_preset=\u00a0\u00bbdefault\u00a0\u00bb global_colors_info=\u00a0\u00bb{}\u00a0\u00bb][et_pb_team_member name=\u00a0\u00bbFr\u00e9d\u00e9ric Chasselin\u00a0\u00bb position=\u00a0\u00bbCoordinateur des services supports\u00a0\u00bb image_url=\u00a0\u00bbhttps:\/\/medeoformation.fr\/wp-content\/uploads\/2025\/09\/fred.png\u00a0\u00bb _builder_version=\u00a0\u00bb4.27.4&Prime; _module_preset=\u00a0\u00bbdefault\u00a0\u00bb text_orientation=\u00a0\u00bbcenter\u00a0\u00bb custom_padding=\u00a0\u00bb|6px||6px|false|true\u00a0\u00bb box_shadow_style=\u00a0\u00bbpreset3&Prime; global_colors_info=\u00a0\u00bb{}\u00a0\u00bb]<\/p>\n<p>On pourrait le surnommer \u00ab\u00a0le couteau suisse de Medeo Formation\u00a0\u00bb. Fr\u00e9d\u00e9ric a un regard sur tout et son action est essentielle pour le bon fonctionnement de notre entreprise. <span> \u00c0\u00a0la fois dans la logistique des formations, le soutien commercial, financier et administratif, la communication et l\u2019\u00e9v\u00e8nementiel.<\/span><\/p>\n<p>[\/et_pb_team_member][\/et_pb_column][et_pb_column type=\u00a0\u00bb1_3&Prime; _builder_version=\u00a0\u00bb4.27.4&Prime; _module_preset=\u00a0\u00bbdefault\u00a0\u00bb global_colors_info=\u00a0\u00bb{}\u00a0\u00bb][et_pb_team_member name=\u00a0\u00bbCeline Schulz\u00a0\u00bb position=\u00a0\u00bbAssistante de formation de la d\u00e9marche et des services g\u00e9n\u00e9raux\u00a0\u00bb image_url=\u00a0\u00bbhttps:\/\/medeoformation.fr\/wp-content\/uploads\/2025\/09\/unnamed-file.png\u00a0\u00bb _builder_version=\u00a0\u00bb4.27.4&Prime; _module_preset=\u00a0\u00bbdefault\u00a0\u00bb text_orientation=\u00a0\u00bbcenter\u00a0\u00bb custom_padding=\u00a0\u00bb|6px||6px|false|true\u00a0\u00bb box_shadow_style=\u00a0\u00bbpreset3&Prime; global_colors_info=\u00a0\u00bb{}\u00a0\u00bb]<\/p>\n<p>Elle assure le bon d\u00e9roulement de nos formations, depuis les premiers contacts jusqu&rsquo;au suivi administratif. Son r\u00f4le est aussi d&rsquo;assurer le bon fonctionnement des services g\u00e9n\u00e9raux, garantissant une organisation fluide et efficace au quotidien.<\/p>\n<p>[\/et_pb_team_member][\/et_pb_column][\/et_pb_row][et_pb_row column_structure=\u00a0\u00bb1_3,1_3,1_3&Prime; _builder_version=\u00a0\u00bb4.27.4&Prime; _module_preset=\u00a0\u00bbdefault\u00a0\u00bb global_colors_info=\u00a0\u00bb{}\u00a0\u00bb][et_pb_column type=\u00a0\u00bb1_3&Prime; _builder_version=\u00a0\u00bb4.27.4&Prime; _module_preset=\u00a0\u00bbdefault\u00a0\u00bb global_colors_info=\u00a0\u00bb{}\u00a0\u00bb][et_pb_team_member name=\u00a0\u00bb\u00c9lodie Arasa\u00a0\u00bb position=\u00a0\u00bbAssistante commerciale\u00a0\u00bb image_url=\u00a0\u00bbhttps:\/\/medeoformation.fr\/wp-content\/uploads\/2025\/09\/elodie.png\u00a0\u00bb _builder_version=\u00a0\u00bb4.27.4&Prime; _module_preset=\u00a0\u00bbdefault\u00a0\u00bb text_orientation=\u00a0\u00bbcenter\u00a0\u00bb custom_padding=\u00a0\u00bb|6px||6px|false|true\u00a0\u00bb box_shadow_style=\u00a0\u00bbpreset3&Prime; global_colors_info=\u00a0\u00bb{}\u00a0\u00bb]<\/p>\n<p>Elles sont l\u00e0 pour vous accompagner \u00e0 chaque \u00e9tape de votre inscription. Ce sont elles qui vous r\u00e9pondent, vous rappellent et vous conseillent sur les formations, les dates et les lieux. Elles connaissent toutes les informations n\u00e9cessaires pour vous guider au mieux et s&rsquo;assurer que votre parcours de formation se d\u00e9roule parfaitement.<\/p>\n<p>[\/et_pb_team_member][\/et_pb_column][et_pb_column type=\u00a0\u00bb1_3&Prime; _builder_version=\u00a0\u00bb4.27.4&Prime; _module_preset=\u00a0\u00bbdefault\u00a0\u00bb global_colors_info=\u00a0\u00bb{}\u00a0\u00bb][et_pb_team_member name=\u00a0\u00bbSt\u00e9phanie Parnau\u00a0\u00bb position=\u00a0\u00bbAssistante commerciale\u00a0\u00bb image_url=\u00a0\u00bbhttps:\/\/medeoformation.fr\/wp-content\/uploads\/2025\/09\/Stephanie.png\u00a0\u00bb _builder_version=\u00a0\u00bb4.27.4&Prime; _module_preset=\u00a0\u00bbdefault\u00a0\u00bb text_orientation=\u00a0\u00bbcenter\u00a0\u00bb custom_padding=\u00a0\u00bb|6px||6px|false|true\u00a0\u00bb box_shadow_style=\u00a0\u00bbpreset3&Prime; global_colors_info=\u00a0\u00bb{}\u00a0\u00bb]<\/p>\n<p>Elles sont l\u00e0 pour vous accompagner \u00e0 chaque \u00e9tape de votre inscription. Ce sont elles qui vous r\u00e9pondent, vous rappellent et vous conseillent sur les formations, les dates et les lieux. Elles connaissent toutes les informations n\u00e9cessaires pour vous guider au mieux et s&rsquo;assurer que votre parcours de formation se d\u00e9roule parfaitement.<\/p>\n<p>[\/et_pb_team_member][\/et_pb_column][et_pb_column type=\u00a0\u00bb1_3&Prime; _builder_version=\u00a0\u00bb4.27.4&Prime; _module_preset=\u00a0\u00bbdefault\u00a0\u00bb global_colors_info=\u00a0\u00bb{}\u00a0\u00bb][et_pb_team_member name=\u00a0\u00bbCindy Houdelet\u00a0\u00bb position=\u00a0\u00bbAssistante commerciale\u00a0\u00bb image_url=\u00a0\u00bbhttps:\/\/medeoformation.fr\/wp-content\/uploads\/2025\/09\/Cindy.png\u00a0\u00bb _builder_version=\u00a0\u00bb4.27.4&Prime; _module_preset=\u00a0\u00bbdefault\u00a0\u00bb text_orientation=\u00a0\u00bbcenter\u00a0\u00bb custom_padding=\u00a0\u00bb|6px||6px|false|true\u00a0\u00bb box_shadow_style=\u00a0\u00bbpreset3&Prime; global_colors_info=\u00a0\u00bb{}\u00a0\u00bb]<\/p>\n<p>Elles sont l\u00e0 pour vous accompagner \u00e0 chaque \u00e9tape de votre inscription. Ce sont elles qui vous r\u00e9pondent, vous rappellent et vous conseillent sur les formations, les dates et les lieux. Elles connaissent toutes les informations n\u00e9cessaires pour vous guider au mieux et s&rsquo;assurer que votre parcours de formation se d\u00e9roule parfaitement.<\/p>\n<p>[\/et_pb_team_member][\/et_pb_column][\/et_pb_row][et_pb_row column_structure=\u00a0\u00bb1_3,1_3,1_3&Prime; _builder_version=\u00a0\u00bb4.27.4&Prime; _module_preset=\u00a0\u00bbdefault\u00a0\u00bb global_colors_info=\u00a0\u00bb{}\u00a0\u00bb][et_pb_column type=\u00a0\u00bb1_3&Prime; _builder_version=\u00a0\u00bb4.27.4&Prime; _module_preset=\u00a0\u00bbdefault\u00a0\u00bb global_colors_info=\u00a0\u00bb{}\u00a0\u00bb][et_pb_team_member name=\u00a0\u00bbPauline Bardetis\u00a0\u00bb position=\u00a0\u00bbCoordinatrice p\u00e9dagogique, Pole Intra, Accompagnatrice AAP VAE et consultante en BC\u00a0\u00bb image_url=\u00a0\u00bbhttps:\/\/medeoformation.fr\/wp-content\/uploads\/2025\/09\/VAE.png\u00a0\u00bb _builder_version=\u00a0\u00bb4.27.4&Prime; _module_preset=\u00a0\u00bbdefault\u00a0\u00bb text_orientation=\u00a0\u00bbcenter\u00a0\u00bb custom_padding=\u00a0\u00bb|6px||6px|false|true\u00a0\u00bb box_shadow_style=\u00a0\u00bbpreset3&Prime; global_colors_info=\u00a0\u00bb{}\u00a0\u00bb]De plus, notre \u00e9quipe compte aussi Pauline, notre Coordinatrice p\u00e9dagogique. C&rsquo;est elle qui s&rsquo;occupe du P\u00f4le Intra et des formations pour notre CFA. Elle vous accompagne dans les d\u00e9marches d&rsquo;Accompagnement \u00e0 la Validation des Acquis de l&rsquo;Exp\u00e9rience (VAE) et est \u00e9galement consultante en Bilan de comp\u00e9tences. Vous ne r\u00eavez pas, une seule et m\u00eame personne peut avoir autant de fonctions ! Sa polyvalence et son expertise sont des atouts majeurs pour la qualit\u00e9 de nos programmes de formation.[\/et_pb_team_member][\/et_pb_column][et_pb_column type=\u00a0\u00bb1_3&Prime; _builder_version=\u00a0\u00bb4.27.4&Prime; _module_preset=\u00a0\u00bbdefault\u00a0\u00bb global_colors_info=\u00a0\u00bb{}\u00a0\u00bb][et_pb_team_member name=\u00a0\u00bbBrigitte Ildefonso\u00a0\u00bb position=\u00a0\u00bbAssistante administrative et secr\u00e9tariat\u00a0\u00bb image_url=\u00a0\u00bbhttps:\/\/medeoformation.fr\/wp-content\/uploads\/2025\/09\/Brigitte.png\u00a0\u00bb _builder_version=\u00a0\u00bb4.27.4&Prime; _module_preset=\u00a0\u00bbdefault\u00a0\u00bb text_orientation=\u00a0\u00bbcenter\u00a0\u00bb custom_padding=\u00a0\u00bb|6px||6px|false|true\u00a0\u00bb box_shadow_style=\u00a0\u00bbpreset3&Prime; global_colors_info=\u00a0\u00bb{}\u00a0\u00bb]<\/p>\n<p>Brigitte est en charge de tout l&rsquo;aspect administratif et vie scolaire du CFA, l&rsquo;accompagnement VAE. Sa rigueur est un pilier pour notre structure.<\/p>\n<p>[\/et_pb_team_member][\/et_pb_column][et_pb_column type=\u00a0\u00bb1_3&Prime; _builder_version=\u00a0\u00bb4.27.4&Prime; _module_preset=\u00a0\u00bbdefault\u00a0\u00bb global_colors_info=\u00a0\u00bb{}\u00a0\u00bb][et_pb_team_member name=\u00a0\u00bbMandy Chevalier\u00a0\u00bb position=\u00a0\u00bbConseill\u00e8re formation et Relation entreprise\u00a0\u00bb image_url=\u00a0\u00bbhttps:\/\/medeoformation.fr\/wp-content\/uploads\/2025\/09\/Mandy-Chevalier.png\u00a0\u00bb _builder_version=\u00a0\u00bb4.27.4&Prime; _module_preset=\u00a0\u00bbdefault\u00a0\u00bb text_orientation=\u00a0\u00bbcenter\u00a0\u00bb custom_padding=\u00a0\u00bb|6px||6px|false|true\u00a0\u00bb box_shadow_style=\u00a0\u00bbpreset3&Prime; global_colors_info=\u00a0\u00bb{}\u00a0\u00bb]Notre conseill\u00e8re formation et relations avec les entreprises. Issue du secteur social, elle poss\u00e8de une grande exp\u00e9rience dans le conseil et la formation. Elle adore le contact humain et est l\u00e0 pour vous conseiller, notamment sur le choix de formations.[\/et_pb_team_member][\/et_pb_column][\/et_pb_row][et_pb_row column_structure=\u00a0\u00bb1_3,1_3,1_3&Prime; _builder_version=\u00a0\u00bb4.27.4&Prime; _module_preset=\u00a0\u00bbdefault\u00a0\u00bb global_colors_info=\u00a0\u00bb{}\u00a0\u00bb][et_pb_column type=\u00a0\u00bb1_3&Prime; _builder_version=\u00a0\u00bb4.27.4&Prime; _module_preset=\u00a0\u00bbdefault\u00a0\u00bb global_colors_info=\u00a0\u00bb{}\u00a0\u00bb][et_pb_team_member name=\u00a0\u00bb\u00c9milie Est\u00e8ve\u00a0\u00bb position=\u00a0\u00bbAssistante commerciale\u00a0\u00bb image_url=\u00a0\u00bbhttps:\/\/medeoformation.fr\/wp-content\/uploads\/2025\/09\/emilie.png\u00a0\u00bb _builder_version=\u00a0\u00bb4.27.4&Prime; _module_preset=\u00a0\u00bbdefault\u00a0\u00bb text_orientation=\u00a0\u00bbcenter\u00a0\u00bb custom_padding=\u00a0\u00bb|6px||6px|false|true\u00a0\u00bb box_shadow_style=\u00a0\u00bbpreset3&Prime; global_colors_info=\u00a0\u00bb{}\u00a0\u00bb]<\/p>\n<p>Notre alternante Assistante commerciale, est aussi le visage de Medeo devant la cam\u00e9ra. Elle nous aide au quotidien dans nos t\u00e2ches commerciales et est un atout indispensable \u00e0 notre communication<\/p>\n<p>[\/et_pb_team_member][\/et_pb_column][et_pb_column type=\u00a0\u00bb1_3&Prime; _builder_version=\u00a0\u00bb4.27.4&Prime; _module_preset=\u00a0\u00bbdefault\u00a0\u00bb global_colors_info=\u00a0\u00bb{}\u00a0\u00bb][et_pb_team_member name=\u00a0\u00bbMarie Bachmann\u00a0\u00bb position=\u00a0\u00bbAlternance\u00a0\u00bb image_url=\u00a0\u00bbhttps:\/\/medeoformation.fr\/wp-content\/uploads\/2025\/09\/marie-2.png\u00a0\u00bb _builder_version=\u00a0\u00bb4.27.4&Prime; _module_preset=\u00a0\u00bbdefault\u00a0\u00bb text_orientation=\u00a0\u00bbcenter\u00a0\u00bb custom_padding=\u00a0\u00bb|6px||6px|false|true\u00a0\u00bb box_shadow_style=\u00a0\u00bbpreset3&Prime; global_colors_info=\u00a0\u00bb{}\u00a0\u00bb]V\u00e9ritable aide pour notre \u00e9quipe. Elle occupe le poste d&rsquo;Assistante administrative et de secr\u00e9tariat. Elle met \u00e0 profit sa formation pour nous \u00e9pauler dans les t\u00e2ches quotidiennes, assurant un soutien pr\u00e9cieux [\/et_pb_team_member][\/et_pb_column][et_pb_column type=\u00a0\u00bb1_3&Prime; _builder_version=\u00a0\u00bb4.27.4&Prime; _module_preset=\u00a0\u00bbdefault\u00a0\u00bb global_colors_info=\u00a0\u00bb{}\u00a0\u00bb][et_pb_team_member name=\u00a0\u00bbMaxime GAUDIN\u00a0\u00bb position=\u00a0\u00bbCoordinateur formation DPC \/ FIF PL\u00a0\u00bb image_url=\u00a0\u00bbhttps:\/\/medeoformation.fr\/wp-content\/uploads\/2025\/09\/Marie.png\u00a0\u00bb _builder_version=\u00a0\u00bb4.27.4&Prime; _module_preset=\u00a0\u00bbdefault\u00a0\u00bb text_orientation=\u00a0\u00bbcenter\u00a0\u00bb custom_padding=\u00a0\u00bb|6px||6px|false|true\u00a0\u00bb box_shadow_style=\u00a0\u00bbpreset3&Prime; global_colors_info=\u00a0\u00bb{}\u00a0\u00bb]<\/p>\n<p>Il est l&rsquo;expert des programmes de D\u00e9veloppement Professionnel Continu (DPC) et du Fonds Interprofessionnel de Formation des Professionnels Lib\u00e9raux (FIF PL), vous garantissant un accompagnement adapt\u00e9 \u00e0 vos besoins sp\u00e9cifiques.<\/p>\n<p>[\/et_pb_team_member][\/et_pb_column][\/et_pb_row][\/et_pb_section]<\/p>\n","protected":false},"excerpt":{"rendered":"<p>La cr\u00e8me de la cr\u00e8me Dirigeant de MEDEO Formation, Nicolas pilote la strat\u00e9gie de d\u00e9veloppement et l\u2019innovation de l\u2019organisme dans les domaines du m\u00e9dico-social et du sanitaire. Entrepreneur engag\u00e9, il place la qualit\u00e9, la transmission et l\u2019impact social au centre de ses priorit\u00e9s. Sous son impulsion, MEDEO Formation s\u2019affirme comme un partenaire de confiance pour [&hellip;]<\/p>\n","protected":false},"author":1,"featured_media":0,"parent":0,"menu_order":0,"comment_status":"closed","ping_status":"closed","template":"","meta":{"_et_pb_use_builder":"on","_et_pb_old_content":"","_et_gb_content_width":"","footnotes":""},"class_list":["post-987511834","page","type-page","status-publish","hentry"],"yoast_head":"<!-- This site is optimized with the Yoast SEO plugin v27.3 - https:\/\/yoast.com\/product\/yoast-seo-wordpress\/ -->\n<title>Notre organisation - Medeo Formation<\/title>\n<meta name=\"robots\" content=\"index, follow, max-snippet:-1, max-image-preview:large, max-video-preview:-1\" \/>\n<link rel=\"canonical\" href=\"https:\/\/medeoformation.fr\/index.php\/notre-organisation\/\" \/>\n<meta property=\"og:locale\" content=\"fr_FR\" \/>\n<meta property=\"og:type\" content=\"article\" \/>\n<meta property=\"og:title\" content=\"Notre organisation - Medeo Formation\" \/>\n<meta property=\"og:description\" content=\"La cr\u00e8me de la cr\u00e8me Dirigeant de MEDEO Formation, Nicolas pilote la strat\u00e9gie de d\u00e9veloppement et l\u2019innovation de l\u2019organisme dans les domaines du m\u00e9dico-social et du sanitaire. Entrepreneur engag\u00e9, il place la qualit\u00e9, la transmission et l\u2019impact social au centre de ses priorit\u00e9s. Sous son impulsion, MEDEO Formation s\u2019affirme comme un partenaire de confiance pour [&hellip;]\" \/>\n<meta property=\"og:url\" content=\"https:\/\/medeoformation.fr\/index.php\/notre-organisation\/\" \/>\n<meta property=\"og:site_name\" content=\"Medeo Formation\" \/>\n<meta property=\"article:modified_time\" content=\"2026-02-17T09:55:04+00:00\" \/>\n<meta property=\"og:image\" content=\"https:\/\/fonts.gstatic.com\/s\/e\/notoemoji\/16.0\/2b50\/32.png\" \/>\n<meta name=\"twitter:card\" content=\"summary_large_image\" \/>\n<meta name=\"twitter:label1\" content=\"Dur\u00e9e de lecture estim\u00e9e\" \/>\n\t<meta name=\"twitter:data1\" content=\"7 minutes\" \/>\n<script type=\"application\/ld+json\" class=\"yoast-schema-graph\">{\"@context\":\"https:\\\/\\\/schema.org\",\"@graph\":[{\"@type\":\"WebPage\",\"@id\":\"https:\\\/\\\/medeoformation.fr\\\/index.php\\\/notre-organisation\\\/\",\"url\":\"https:\\\/\\\/medeoformation.fr\\\/index.php\\\/notre-organisation\\\/\",\"name\":\"Notre organisation - Medeo Formation\",\"isPartOf\":{\"@id\":\"https:\\\/\\\/medeoformation.fr\\\/#website\"},\"primaryImageOfPage\":{\"@id\":\"https:\\\/\\\/medeoformation.fr\\\/index.php\\\/notre-organisation\\\/#primaryimage\"},\"image\":{\"@id\":\"https:\\\/\\\/medeoformation.fr\\\/index.php\\\/notre-organisation\\\/#primaryimage\"},\"thumbnailUrl\":\"https:\\\/\\\/fonts.gstatic.com\\\/s\\\/e\\\/notoemoji\\\/16.0\\\/2b50\\\/32.png\",\"datePublished\":\"2025-09-04T10:01:47+00:00\",\"dateModified\":\"2026-02-17T09:55:04+00:00\",\"breadcrumb\":{\"@id\":\"https:\\\/\\\/medeoformation.fr\\\/index.php\\\/notre-organisation\\\/#breadcrumb\"},\"inLanguage\":\"fr-FR\",\"potentialAction\":[{\"@type\":\"ReadAction\",\"target\":[\"https:\\\/\\\/medeoformation.fr\\\/index.php\\\/notre-organisation\\\/\"]}]},{\"@type\":\"ImageObject\",\"inLanguage\":\"fr-FR\",\"@id\":\"https:\\\/\\\/medeoformation.fr\\\/index.php\\\/notre-organisation\\\/#primaryimage\",\"url\":\"https:\\\/\\\/fonts.gstatic.com\\\/s\\\/e\\\/notoemoji\\\/16.0\\\/2b50\\\/32.png\",\"contentUrl\":\"https:\\\/\\\/fonts.gstatic.com\\\/s\\\/e\\\/notoemoji\\\/16.0\\\/2b50\\\/32.png\"},{\"@type\":\"BreadcrumbList\",\"@id\":\"https:\\\/\\\/medeoformation.fr\\\/index.php\\\/notre-organisation\\\/#breadcrumb\",\"itemListElement\":[{\"@type\":\"ListItem\",\"position\":1,\"name\":\"Accueil\",\"item\":\"https:\\\/\\\/medeoformation.fr\\\/\"},{\"@type\":\"ListItem\",\"position\":2,\"name\":\"Notre organisation\"}]},{\"@type\":\"WebSite\",\"@id\":\"https:\\\/\\\/medeoformation.fr\\\/#website\",\"url\":\"https:\\\/\\\/medeoformation.fr\\\/\",\"name\":\"Medeo Formation\",\"description\":\"Organisme de formation DPC\\\/FIFPL\",\"potentialAction\":[{\"@type\":\"SearchAction\",\"target\":{\"@type\":\"EntryPoint\",\"urlTemplate\":\"https:\\\/\\\/medeoformation.fr\\\/?s={search_term_string}\"},\"query-input\":{\"@type\":\"PropertyValueSpecification\",\"valueRequired\":true,\"valueName\":\"search_term_string\"}}],\"inLanguage\":\"fr-FR\"}]}<\/script>\n<!-- \/ Yoast SEO plugin. -->","yoast_head_json":{"title":"Notre organisation - Medeo Formation","robots":{"index":"index","follow":"follow","max-snippet":"max-snippet:-1","max-image-preview":"max-image-preview:large","max-video-preview":"max-video-preview:-1"},"canonical":"https:\/\/medeoformation.fr\/index.php\/notre-organisation\/","og_locale":"fr_FR","og_type":"article","og_title":"Notre organisation - Medeo Formation","og_description":"La cr\u00e8me de la cr\u00e8me Dirigeant de MEDEO Formation, Nicolas pilote la strat\u00e9gie de d\u00e9veloppement et l\u2019innovation de l\u2019organisme dans les domaines du m\u00e9dico-social et du sanitaire. Entrepreneur engag\u00e9, il place la qualit\u00e9, la transmission et l\u2019impact social au centre de ses priorit\u00e9s. Sous son impulsion, MEDEO Formation s\u2019affirme comme un partenaire de confiance pour [&hellip;]","og_url":"https:\/\/medeoformation.fr\/index.php\/notre-organisation\/","og_site_name":"Medeo Formation","article_modified_time":"2026-02-17T09:55:04+00:00","og_image":[{"url":"https:\/\/fonts.gstatic.com\/s\/e\/notoemoji\/16.0\/2b50\/32.png","type":"","width":"","height":""}],"twitter_card":"summary_large_image","twitter_misc":{"Dur\u00e9e de lecture estim\u00e9e":"7 minutes"},"schema":{"@context":"https:\/\/schema.org","@graph":[{"@type":"WebPage","@id":"https:\/\/medeoformation.fr\/index.php\/notre-organisation\/","url":"https:\/\/medeoformation.fr\/index.php\/notre-organisation\/","name":"Notre organisation - Medeo Formation","isPartOf":{"@id":"https:\/\/medeoformation.fr\/#website"},"primaryImageOfPage":{"@id":"https:\/\/medeoformation.fr\/index.php\/notre-organisation\/#primaryimage"},"image":{"@id":"https:\/\/medeoformation.fr\/index.php\/notre-organisation\/#primaryimage"},"thumbnailUrl":"https:\/\/fonts.gstatic.com\/s\/e\/notoemoji\/16.0\/2b50\/32.png","datePublished":"2025-09-04T10:01:47+00:00","dateModified":"2026-02-17T09:55:04+00:00","breadcrumb":{"@id":"https:\/\/medeoformation.fr\/index.php\/notre-organisation\/#breadcrumb"},"inLanguage":"fr-FR","potentialAction":[{"@type":"ReadAction","target":["https:\/\/medeoformation.fr\/index.php\/notre-organisation\/"]}]},{"@type":"ImageObject","inLanguage":"fr-FR","@id":"https:\/\/medeoformation.fr\/index.php\/notre-organisation\/#primaryimage","url":"https:\/\/fonts.gstatic.com\/s\/e\/notoemoji\/16.0\/2b50\/32.png","contentUrl":"https:\/\/fonts.gstatic.com\/s\/e\/notoemoji\/16.0\/2b50\/32.png"},{"@type":"BreadcrumbList","@id":"https:\/\/medeoformation.fr\/index.php\/notre-organisation\/#breadcrumb","itemListElement":[{"@type":"ListItem","position":1,"name":"Accueil","item":"https:\/\/medeoformation.fr\/"},{"@type":"ListItem","position":2,"name":"Notre organisation"}]},{"@type":"WebSite","@id":"https:\/\/medeoformation.fr\/#website","url":"https:\/\/medeoformation.fr\/","name":"Medeo Formation","description":"Organisme de formation DPC\/FIFPL","potentialAction":[{"@type":"SearchAction","target":{"@type":"EntryPoint","urlTemplate":"https:\/\/medeoformation.fr\/?s={search_term_string}"},"query-input":{"@type":"PropertyValueSpecification","valueRequired":true,"valueName":"search_term_string"}}],"inLanguage":"fr-FR"}]}},"_links":{"self":[{"href":"https:\/\/medeoformation.fr\/index.php\/wp-json\/wp\/v2\/pages\/987511834","targetHints":{"allow":["GET"]}}],"collection":[{"href":"https:\/\/medeoformation.fr\/index.php\/wp-json\/wp\/v2\/pages"}],"about":[{"href":"https:\/\/medeoformation.fr\/index.php\/wp-json\/wp\/v2\/types\/page"}],"author":[{"embeddable":true,"href":"https:\/\/medeoformation.fr\/index.php\/wp-json\/wp\/v2\/users\/1"}],"replies":[{"embeddable":true,"href":"https:\/\/medeoformation.fr\/index.php\/wp-json\/wp\/v2\/comments?post=987511834"}],"version-history":[{"count":9,"href":"https:\/\/medeoformation.fr\/index.php\/wp-json\/wp\/v2\/pages\/987511834\/revisions"}],"predecessor-version":[{"id":987512181,"href":"https:\/\/medeoformation.fr\/index.php\/wp-json\/wp\/v2\/pages\/987511834\/revisions\/987512181"}],"wp:attachment":[{"href":"https:\/\/medeoformation.fr\/index.php\/wp-json\/wp\/v2\/media?parent=987511834"}],"curies":[{"name":"wp","href":"https:\/\/api.w.org\/{rel}","templated":true}]}}